{"id":519,"date":"2024-09-06T11:46:10","date_gmt":"2024-09-06T09:46:10","guid":{"rendered":"https:\/\/arlow.fr\/?page_id=519"},"modified":"2024-09-20T16:50:07","modified_gmt":"2024-09-20T14:50:07","slug":"confidentialite","status":"publish","type":"page","link":"https:\/\/arlow.fr\/index.php\/confidentialite\/","title":{"rendered":"Confidentialit\u00e9"},"content":{"rendered":"\t\t<div data-elementor-type=\"wp-page\" data-elementor-id=\"519\" class=\"elementor elementor-519\">\n\t\t\t\t<div class=\"elementor-element elementor-element-f9b3d13 e-flex e-con-boxed e-con e-parent\" data-id=\"f9b3d13\" data-element_type=\"container\" data-e-type=\"container\" data-settings=\"{&quot;jet_parallax_layout_list&quot;:[]}\">\n\t\t\t\t\t<div class=\"e-con-inner\">\n\t\t\t\t<div class=\"elementor-element elementor-element-9cd4064 elementor-widget elementor-widget-heading\" data-id=\"9cd4064\" data-element_type=\"widget\" data-e-type=\"widget\" data-widget_type=\"heading.default\">\n\t\t\t\t<div class=\"elementor-widget-container\">\n\t\t\t\t\t<h1 class=\"elementor-heading-title elementor-size-default\">Confidentialit\u00e9<\/h1>\t\t\t\t<\/div>\n\t\t\t\t<\/div>\n\t\t\t\t<div class=\"elementor-element elementor-element-b47911a elementor-widget elementor-widget-text-editor\" data-id=\"b47911a\" data-element_type=\"widget\" data-e-type=\"widget\" data-widget_type=\"text-editor.default\">\n\t\t\t\t<div class=\"elementor-widget-container\">\n\t\t\t\t\t\t\t\t\t<h1 style=\"margin: 0cm; line-height: 24.2667px; break-after: avoid; font-size: 14pt; font-family: Arial, sans-serif; color: #051259; text-align: center;\" align=\"center\"><span style=\"font-size: 14pt; text-align: var(--text-align);\">Propri\u00e9t\u00e9 intellectuelle<\/span><\/h1>\n<h1 style=\"margin: 0cm; line-height: 24.2667px; break-after: avoid; font-size: 14pt; font-family: Arial, sans-serif; color: #051259;\">&nbsp;<\/h1>\n<p class=\"Paragraphe\" style=\"margin: 0cm; line-height: 17.3333px; font-size: 10pt; font-family: Arial, sans-serif; color: #000000;\">Les marques, logos, signes ainsi que tous les contenus du site (textes, images, son\u2026) font l&rsquo;objet d&rsquo;une protection par le Code de la propri\u00e9t\u00e9 intellectuelle et plus particuli\u00e8rement par le droit d&rsquo;auteur.<\/p>\n<p class=\"Paragraphe\" style=\"margin: 0cm; line-height: 17.3333px; font-size: 10pt; font-family: Arial, sans-serif; color: #000000;\">\n<\/p><p class=\"Paragraphe\" style=\"margin: 0cm; line-height: 17.3333px; font-size: 10pt; font-family: Arial, sans-serif; color: #000000;\">La marque Arlow est une marque d\u00e9pos\u00e9e par Drisch Julien.Toute repr\u00e9sentation et\/ou reproduction et\/ou exploitation partielle ou totale de cette marque, de quelque nature que ce soit, est totalement prohib\u00e9e.<\/p>\n<p class=\"Paragraphe\" style=\"margin: 0cm; line-height: 17.3333px; font-size: 10pt; font-family: Arial, sans-serif; color: #000000;\">\n<\/p><p class=\"Paragraphe\" style=\"margin: 0cm; line-height: 17.3333px; font-size: 10pt; font-family: Arial, sans-serif; color: #000000;\">L&rsquo;Utilisateur doit solliciter l&rsquo;autorisation pr\u00e9alable du site pour toute reproduction, publication, copie des diff\u00e9rents contenus. Il s&rsquo;engage \u00e0 une utilisation des contenus du site dans un cadre strictement priv\u00e9, toute utilisation \u00e0 des fins commerciales et publicitaires est strictement interdite.<\/p>\n<p class=\"Paragraphe\" style=\"margin: 0cm; line-height: 17.3333px; font-size: 10pt; font-family: Arial, sans-serif; color: #000000;\">\n<\/p><p class=\"Paragraphe\" style=\"margin: 0cm; line-height: 17.3333px; font-size: 10pt; font-family: Arial, sans-serif; color: #000000;\">Toute repr\u00e9sentation totale ou partielle de ce site par quelque proc\u00e9d\u00e9 que ce soit, sans l\u2019autorisation expresse de l\u2019exploitant du site Internet constituerait une contrefa\u00e7on sanctionn\u00e9e par l\u2019article L 335-2 et suivants du Code de la propri\u00e9t\u00e9 intellectuelle.<\/p>\n<p class=\"Paragraphe\" style=\"margin: 0cm; line-height: 17.3333px; font-size: 10pt; font-family: Arial, sans-serif; color: #000000;\">\n<\/p><p class=\"Paragraphe\" style=\"margin: 0cm; line-height: 17.3333px; font-size: 10pt; font-family: Arial, sans-serif; color: #000000;\">Il est rappel\u00e9 conform\u00e9ment \u00e0 l\u2019article L122-5 du Code de propri\u00e9t\u00e9 intellectuelle que l\u2019Utilisateur qui reproduit, copie ou publie le contenu prot\u00e9g\u00e9 doit citer l\u2019auteur et sa source.<\/p>\t\t\t\t\t\t\t\t<\/div>\n\t\t\t\t<\/div>\n\t\t\t\t\t<\/div>\n\t\t\t\t<\/div>\n\t\t\t\t<\/div>\n\t\t","protected":false},"excerpt":{"rendered":"<p>Confidentialit\u00e9 Propri\u00e9t\u00e9 intellectuelle &nbsp; Les marques, logos, signes ainsi que tous les contenus du site (textes, images, son\u2026) font l&rsquo;objet d&rsquo;une protection par le Code de la propri\u00e9t\u00e9 intellectuelle et plus particuli\u00e8rement par le droit d&rsquo;auteur. La marque Arlow est une marque d\u00e9pos\u00e9e par Drisch Julien.Toute repr\u00e9sentation et\/ou reproduction et\/ou exploitation partielle ou totale de [&hellip;]<\/p>\n","protected":false},"author":1,"featured_media":0,"parent":0,"menu_order":0,"comment_status":"closed","ping_status":"closed","template":"","meta":{"_acf_changed":false,"footnotes":""},"class_list":["post-519","page","type-page","status-publish","hentry"],"acf":[],"yoast_head":"<!-- This site is optimized with the Yoast SEO plugin v27.0 - https:\/\/yoast.com\/product\/yoast-seo-wordpress\/ -->\n<title>Confidentialit\u00e9 - Arlow Agency<\/title>\n<meta name=\"robots\" content=\"index, follow, max-snippet:-1, max-image-preview:large, max-video-preview:-1\" \/>\n<link rel=\"canonical\" href=\"https:\/\/arlow.fr\/index.php\/confidentialite\/\" \/>\n<meta property=\"og:locale\" content=\"fr_FR\" \/>\n<meta property=\"og:type\" content=\"article\" \/>\n<meta property=\"og:title\" content=\"Confidentialit\u00e9 - Arlow Agency\" \/>\n<meta property=\"og:description\" content=\"Confidentialit\u00e9 Propri\u00e9t\u00e9 intellectuelle &nbsp; Les marques, logos, signes ainsi que tous les contenus du site (textes, images, son\u2026) font l&rsquo;objet d&rsquo;une protection par le Code de la propri\u00e9t\u00e9 intellectuelle et plus particuli\u00e8rement par le droit d&rsquo;auteur. La marque Arlow est une marque d\u00e9pos\u00e9e par Drisch Julien.Toute repr\u00e9sentation et\/ou reproduction et\/ou exploitation partielle ou totale de [&hellip;]\" \/>\n<meta property=\"og:url\" content=\"https:\/\/arlow.fr\/index.php\/confidentialite\/\" \/>\n<meta property=\"og:site_name\" content=\"Arlow Agency\" \/>\n<meta property=\"article:modified_time\" content=\"2024-09-20T14:50:07+00:00\" \/>\n<meta name=\"twitter:card\" content=\"summary_large_image\" \/>\n<meta name=\"twitter:label1\" content=\"Dur\u00e9e de lecture estim\u00e9e\" \/>\n\t<meta name=\"twitter:data1\" content=\"1 minute\" \/>\n<script type=\"application\/ld+json\" class=\"yoast-schema-graph\">{\"@context\":\"https:\/\/schema.org\",\"@graph\":[{\"@type\":\"WebPage\",\"@id\":\"https:\/\/arlow.fr\/index.php\/confidentialite\/\",\"url\":\"https:\/\/arlow.fr\/index.php\/confidentialite\/\",\"name\":\"Confidentialit\u00e9 - Arlow Agency\",\"isPartOf\":{\"@id\":\"https:\/\/arlow.fr\/#website\"},\"datePublished\":\"2024-09-06T09:46:10+00:00\",\"dateModified\":\"2024-09-20T14:50:07+00:00\",\"breadcrumb\":{\"@id\":\"https:\/\/arlow.fr\/index.php\/confidentialite\/#breadcrumb\"},\"inLanguage\":\"fr-FR\",\"potentialAction\":[{\"@type\":\"ReadAction\",\"target\":[\"https:\/\/arlow.fr\/index.php\/confidentialite\/\"]}]},{\"@type\":\"BreadcrumbList\",\"@id\":\"https:\/\/arlow.fr\/index.php\/confidentialite\/#breadcrumb\",\"itemListElement\":[{\"@type\":\"ListItem\",\"position\":1,\"name\":\"Accueil\",\"item\":\"https:\/\/arlow.fr\/\"},{\"@type\":\"ListItem\",\"position\":2,\"name\":\"Confidentialit\u00e9\"}]},{\"@type\":\"WebSite\",\"@id\":\"https:\/\/arlow.fr\/#website\",\"url\":\"https:\/\/arlow.fr\/\",\"name\":\"Arlow Agency\",\"description\":\"\",\"publisher\":{\"@id\":\"https:\/\/arlow.fr\/#organization\"},\"potentialAction\":[{\"@type\":\"SearchAction\",\"target\":{\"@type\":\"EntryPoint\",\"urlTemplate\":\"https:\/\/arlow.fr\/?s={search_term_string}\"},\"query-input\":{\"@type\":\"PropertyValueSpecification\",\"valueRequired\":true,\"valueName\":\"search_term_string\"}}],\"inLanguage\":\"fr-FR\"},{\"@type\":\"Organization\",\"@id\":\"https:\/\/arlow.fr\/#organization\",\"name\":\"Arlow Agency\",\"url\":\"https:\/\/arlow.fr\/\",\"logo\":{\"@type\":\"ImageObject\",\"inLanguage\":\"fr-FR\",\"@id\":\"https:\/\/arlow.fr\/#\/schema\/logo\/image\/\",\"url\":\"http:\/\/arlow.fr\/wp-content\/uploads\/2024\/08\/Arlow-Agency_Logo-1.svg\",\"contentUrl\":\"http:\/\/arlow.fr\/wp-content\/uploads\/2024\/08\/Arlow-Agency_Logo-1.svg\",\"width\":664.55,\"height\":196.45,\"caption\":\"Arlow Agency\"},\"image\":{\"@id\":\"https:\/\/arlow.fr\/#\/schema\/logo\/image\/\"},\"sameAs\":[\"https:\/\/www.instagram.com\/arlow.agency\/\",\"https:\/\/www.tiktok.com\/@arlow.agency\"]}]}<\/script>\n<!-- \/ Yoast SEO plugin. -->","yoast_head_json":{"title":"Confidentialit\u00e9 - Arlow Agency","robots":{"index":"index","follow":"follow","max-snippet":"max-snippet:-1","max-image-preview":"max-image-preview:large","max-video-preview":"max-video-preview:-1"},"canonical":"https:\/\/arlow.fr\/index.php\/confidentialite\/","og_locale":"fr_FR","og_type":"article","og_title":"Confidentialit\u00e9 - Arlow Agency","og_description":"Confidentialit\u00e9 Propri\u00e9t\u00e9 intellectuelle &nbsp; Les marques, logos, signes ainsi que tous les contenus du site (textes, images, son\u2026) font l&rsquo;objet d&rsquo;une protection par le Code de la propri\u00e9t\u00e9 intellectuelle et plus particuli\u00e8rement par le droit d&rsquo;auteur. La marque Arlow est une marque d\u00e9pos\u00e9e par Drisch Julien.Toute repr\u00e9sentation et\/ou reproduction et\/ou exploitation partielle ou totale de [&hellip;]","og_url":"https:\/\/arlow.fr\/index.php\/confidentialite\/","og_site_name":"Arlow Agency","article_modified_time":"2024-09-20T14:50:07+00:00","twitter_card":"summary_large_image","twitter_misc":{"Dur\u00e9e de lecture estim\u00e9e":"1 minute"},"schema":{"@context":"https:\/\/schema.org","@graph":[{"@type":"WebPage","@id":"https:\/\/arlow.fr\/index.php\/confidentialite\/","url":"https:\/\/arlow.fr\/index.php\/confidentialite\/","name":"Confidentialit\u00e9 - Arlow Agency","isPartOf":{"@id":"https:\/\/arlow.fr\/#website"},"datePublished":"2024-09-06T09:46:10+00:00","dateModified":"2024-09-20T14:50:07+00:00","breadcrumb":{"@id":"https:\/\/arlow.fr\/index.php\/confidentialite\/#breadcrumb"},"inLanguage":"fr-FR","potentialAction":[{"@type":"ReadAction","target":["https:\/\/arlow.fr\/index.php\/confidentialite\/"]}]},{"@type":"BreadcrumbList","@id":"https:\/\/arlow.fr\/index.php\/confidentialite\/#breadcrumb","itemListElement":[{"@type":"ListItem","position":1,"name":"Accueil","item":"https:\/\/arlow.fr\/"},{"@type":"ListItem","position":2,"name":"Confidentialit\u00e9"}]},{"@type":"WebSite","@id":"https:\/\/arlow.fr\/#website","url":"https:\/\/arlow.fr\/","name":"Arlow Agency","description":"","publisher":{"@id":"https:\/\/arlow.fr\/#organization"},"potentialAction":[{"@type":"SearchAction","target":{"@type":"EntryPoint","urlTemplate":"https:\/\/arlow.fr\/?s={search_term_string}"},"query-input":{"@type":"PropertyValueSpecification","valueRequired":true,"valueName":"search_term_string"}}],"inLanguage":"fr-FR"},{"@type":"Organization","@id":"https:\/\/arlow.fr\/#organization","name":"Arlow Agency","url":"https:\/\/arlow.fr\/","logo":{"@type":"ImageObject","inLanguage":"fr-FR","@id":"https:\/\/arlow.fr\/#\/schema\/logo\/image\/","url":"http:\/\/arlow.fr\/wp-content\/uploads\/2024\/08\/Arlow-Agency_Logo-1.svg","contentUrl":"http:\/\/arlow.fr\/wp-content\/uploads\/2024\/08\/Arlow-Agency_Logo-1.svg","width":664.55,"height":196.45,"caption":"Arlow Agency"},"image":{"@id":"https:\/\/arlow.fr\/#\/schema\/logo\/image\/"},"sameAs":["https:\/\/www.instagram.com\/arlow.agency\/","https:\/\/www.tiktok.com\/@arlow.agency"]}]}},"_links":{"self":[{"href":"https:\/\/arlow.fr\/index.php\/wp-json\/wp\/v2\/pages\/519","targetHints":{"allow":["GET"]}}],"collection":[{"href":"https:\/\/arlow.fr\/index.php\/wp-json\/wp\/v2\/pages"}],"about":[{"href":"https:\/\/arlow.fr\/index.php\/wp-json\/wp\/v2\/types\/page"}],"author":[{"embeddable":true,"href":"https:\/\/arlow.fr\/index.php\/wp-json\/wp\/v2\/users\/1"}],"replies":[{"embeddable":true,"href":"https:\/\/arlow.fr\/index.php\/wp-json\/wp\/v2\/comments?post=519"}],"version-history":[{"count":5,"href":"https:\/\/arlow.fr\/index.php\/wp-json\/wp\/v2\/pages\/519\/revisions"}],"predecessor-version":[{"id":771,"href":"https:\/\/arlow.fr\/index.php\/wp-json\/wp\/v2\/pages\/519\/revisions\/771"}],"wp:attachment":[{"href":"https:\/\/arlow.fr\/index.php\/wp-json\/wp\/v2\/media?parent=519"}],"curies":[{"name":"wp","href":"https:\/\/api.w.org\/{rel}","templated":true}]}}